{"id":122840,"date":"2024-02-23T11:20:01","date_gmt":"2024-02-23T10:20:01","guid":{"rendered":"http:\/\/seehotel-europa.at.server152-han.server-routing.com\/swift-tee-off\/"},"modified":"2026-03-11T17:41:19","modified_gmt":"2026-03-11T16:41:19","slug":"swift-tee-off","status":"publish","type":"page","link":"https:\/\/seehotel-europa.at\/en\/swift-tee-off\/","title":{"rendered":"Swift tee-off"},"content":{"rendered":"<div class=\"wpb-content-wrapper\"><p>[vc_row unlock_row_content=&#8221;yes&#8221; row_height_percent=&#8221;0&#8243; override_padding=&#8221;yes&#8221; h_padding=&#8221;2&#8243; top_padding=&#8221;5&#8243; bottom_padding=&#8221;5&#8243; back_image=&#8221;122053&#8243; kburns=&#8221;yes&#8221; overlay_color=&#8221;color-jevc&#8221; overlay_alpha=&#8221;65&#8243; gutter_size=&#8221;3&#8243; column_width_percent=&#8221;100&#8243; shift_y=&#8221;0&#8243; z_index=&#8221;0&#8243; uncode_shortcode_id=&#8221;592959&#8243; overlay_color_type=&#8221;uncode-palette&#8221;][vc_column column_width_percent=&#8221;85&#8243; align_horizontal=&#8221;align_center&#8221; gutter_size=&#8221;3&#8243; override_padding=&#8221;yes&#8221; column_padding=&#8221;3&#8243; style=&#8221;dark&#8221; overlay_alpha=&#8221;50&#8243; shift_x=&#8221;0&#8243; shift_y=&#8221;0&#8243; shift_y_down=&#8221;0&#8243; z_index=&#8221;0&#8243; medium_width=&#8221;0&#8243; mobile_width=&#8221;0&#8243; width=&#8221;1\/1&#8243; uncode_shortcode_id=&#8221;789625&#8243;][vc_empty_space empty_h=&#8221;2&#8243;][vc_row_inner row_inner_height_percent=&#8221;0&#8243; overlay_alpha=&#8221;50&#8243; gutter_size=&#8221;4&#8243; shift_y=&#8221;0&#8243; z_index=&#8221;0&#8243; limit_content=&#8221;&#8221; uncode_shortcode_id=&#8221;134335&#8243;][vc_column_inner column_width_percent=&#8221;100&#8243; align_horizontal=&#8221;align_center&#8221; gutter_size=&#8221;3&#8243; style=&#8221;dark&#8221; overlay_alpha=&#8221;50&#8243; shift_x=&#8221;0&#8243; shift_y=&#8221;0&#8243; shift_y_down=&#8221;0&#8243; z_index=&#8221;0&#8243; medium_width=&#8221;0&#8243; mobile_width=&#8221;0&#8243; width=&#8221;1\/1&#8243; uncode_shortcode_id=&#8221;102413&#8243;][vc_custom_heading heading_semantic=&#8221;h1&#8243; text_size=&#8221;fontsize-896053&#8243; uncode_shortcode_id=&#8221;752828&#8243;]WELCOME, QUICK GAME.[\/vc_custom_heading][vc_custom_heading uncode_shortcode_id=&#8221;787254&#8243;]SWIFT TEE-OFF[\/vc_custom_heading][vc_separator sep_color=&#8221;color-lxmt&#8221; css_animation=&#8221;alpha-anim&#8221; animation_speed=&#8221;700&#8243; uncode_shortcode_id=&#8221;158312&#8243; sep_color_type=&#8221;uncode-palette&#8221; el_width=&#8221;60%&#8221;][vc_icon position=&#8221;bottom&#8221; icon_image=&#8221;121422&#8243; media_size=&#8221;60&#8243; text_size=&#8221;h6&#8243; text_weight=&#8221;200&#8243; css_animation=&#8221;top-t-bottom&#8221; animation_delay=&#8221;400&#8243; uncode_shortcode_id=&#8221;396306&#8243; link=&#8221;url:%23start|&#8221;][\/vc_icon][\/vc_column_inner][\/vc_row_inner][vc_empty_space empty_h=&#8221;2&#8243;][\/vc_column][\/vc_row][vc_row row_height_percent=&#8221;0&#8243; override_padding=&#8221;yes&#8221; h_padding=&#8221;2&#8243; top_padding=&#8221;5&#8243; bottom_padding=&#8221;5&#8243; back_color=&#8221;color-210407&#8243; overlay_alpha=&#8221;50&#8243; equal_height=&#8221;yes&#8221; gutter_size=&#8221;4&#8243; column_width_percent=&#8221;100&#8243; shift_y=&#8221;0&#8243; z_index=&#8221;0&#8243; el_class=&#8221;inverted-device-order&#8221; uncode_shortcode_id=&#8221;145079&#8243; row_name=&#8221;start&#8221; back_color_type=&#8221;uncode-palette&#8221;][vc_column column_width_percent=&#8221;70&#8243; position_vertical=&#8221;middle&#8221; align_horizontal=&#8221;align_center&#8221; gutter_size=&#8221;2&#8243; overlay_alpha=&#8221;50&#8243; shift_x=&#8221;0&#8243; shift_y=&#8221;0&#8243; shift_y_down=&#8221;0&#8243; z_index=&#8221;0&#8243; medium_width=&#8221;0&#8243; mobile_width=&#8221;0&#8243; width=&#8221;1\/1&#8243; uncode_shortcode_id=&#8221;116881&#8243;][vc_custom_heading heading_semantic=&#8221;h4&#8243; text_size=&#8221;h5&#8243; text_weight=&#8221;400&#8243; uncode_shortcode_id=&#8221;175894&#8243;]GOLFING PLEASURE[\/vc_custom_heading][vc_custom_heading uncode_shortcode_id=&#8221;165863&#8243; subheading=&#8221;Experience the epitome of golfing pleasure at Seehotel Europa, nestled by the picturesque Lake W\u00f6rthersee! Leave the hustle and bustle behind and treat yourself to a brief golfing retreat. Kickstart your day with a delectable breakfast, setting the stage for you to enjoy 2 green fees at the region&apos;s finest golf courses. Round off your golfing adventure with a delightful golfer&apos;s surprise and a specially curated \u201cHalfway to Go\u201d package.&#8221;]Unforgettable golf days[\/vc_custom_heading][vc_button button_color=&#8221;color-jevc&#8221; size=&#8221;btn-lg&#8221; outline=&#8221;yes&#8221; text_skin=&#8221;yes&#8221; custom_typo=&#8221;yes&#8221; font_family=&#8221;font-555555&#8243; font_weight=&#8221;600&#8243; border_width=&#8221;0&#8243; css_animation=&#8221;alpha-anim&#8221; animation_speed=&#8221;700&#8243; link=&#8221;url:%23anfragen|&#8221; button_color_type=&#8221;uncode-palette&#8221; uncode_shortcode_id=&#8221;105844&#8243;]Request now[\/vc_button][\/vc_column][\/vc_row][vc_row row_height_percent=&#8221;0&#8243; override_padding=&#8221;yes&#8221; h_padding=&#8221;2&#8243; top_padding=&#8221;5&#8243; bottom_padding=&#8221;5&#8243; overlay_alpha=&#8221;50&#8243; gutter_size=&#8221;4&#8243; column_width_percent=&#8221;100&#8243; shift_y=&#8221;0&#8243; z_index=&#8221;0&#8243; el_class=&#8221;inverted-device-order&#8221; uncode_shortcode_id=&#8221;116796&#8243;][vc_column column_width_percent=&#8221;100&#8243; position_vertical=&#8221;middle&#8221; gutter_size=&#8221;3&#8243; overlay_alpha=&#8221;50&#8243; shift_x=&#8221;0&#8243; shift_y=&#8221;0&#8243; shift_y_down=&#8221;0&#8243; z_index=&#8221;0&#8243; medium_width=&#8221;0&#8243; mobile_width=&#8221;0&#8243; width=&#8221;1\/2&#8243;][vc_single_image media=&#8221;122842&#8243; media_width_percent=&#8221;100&#8243; uncode_shortcode_id=&#8221;179839&#8243;][\/vc_column][vc_column column_width_percent=&#8221;100&#8243; position_vertical=&#8221;middle&#8221; gutter_size=&#8221;2&#8243; overlay_alpha=&#8221;50&#8243; shift_x=&#8221;0&#8243; shift_y=&#8221;0&#8243; shift_y_down=&#8221;0&#8243; z_index=&#8221;0&#8243; medium_width=&#8221;0&#8243; mobile_width=&#8221;0&#8243; width=&#8221;1\/2&#8243; uncode_shortcode_id=&#8221;278086&#8243;][vc_custom_heading heading_semantic=&#8221;h4&#8243; text_size=&#8221;h5&#8243; text_weight=&#8221;400&#8243; uncode_shortcode_id=&#8221;156688&#8243;]OUR GOLFING PACKAGE &#8220;SWIFT TEE-OFF&#8221;[\/vc_custom_heading][vc_custom_heading text_size=&#8221;h3&#8243; uncode_shortcode_id=&#8221;155571&#8243;]Highlights[\/vc_custom_heading][uncode_list icon=&#8221;fa fa-minus2&#8243; uncode_shortcode_id=&#8221;177093&#8221;]<\/p>\n<ul>\n<li><strong>3 nights with breakfast<\/strong> &#8211; Start each day with a sumptuous breakfast buffet that leaves nothing to be desired.<\/li>\n<li><strong>2 green fees<\/strong> &#8211; play on two of the <strong>20 surrounding top golf courses<\/strong>.<\/li>\n<li>A special <strong>golfer&#8217;s surprise<\/strong> &#8211; a small gift that celebrates your passion for the sport.<\/li>\n<li><strong>Halfway to go<\/strong> &#8211; Enjoy a refreshing snack on the go to keep your energy up during the round.<\/li>\n<\/ul>\n<p>[\/uncode_list][uncode_list icon=&#8221;fa fa-minus2&#8243; uncode_shortcode_id=&#8221;298595&#8243;]<\/p>\n<ul>\n<li>Preis: ab \u20ac 537,- pro Person im Doppelzimmer<\/li>\n<li><span class=\"ui-provider dz azj azk azl azm azn azo azp azq azr azs azt azu azv azw azx azy azz baa bab bac bae baf bag bah bai baj bak bal bam ban bao bap baq bar\" dir=\"ltr\">Optional: Unser <strong>Dine-Around-Package<\/strong> f\u00fcr <strong>drei exquisite Abendessen<\/strong>. Lassen Sie sich an drei Abenden abwechselnd in jeweils einem unserer drei \u00c0-la-Carte-Restaurants verw\u00f6hnen: Die Brasserie, das Seerestaurant Portofino und die See La Vie Rooftop Bar (als Extra buchbar f\u00fcr \u20ac 195,- pro Person)<\/span><\/li>\n<\/ul>\n<p>[\/uncode_list][vc_button button_color=&#8221;color-jevc&#8221; size=&#8221;btn-lg&#8221; outline=&#8221;yes&#8221; text_skin=&#8221;yes&#8221; custom_typo=&#8221;yes&#8221; font_family=&#8221;font-555555&#8243; font_weight=&#8221;600&#8243; border_width=&#8221;0&#8243; css_animation=&#8221;alpha-anim&#8221; animation_speed=&#8221;700&#8243; link=&#8221;url:https%3A%2F%2Fonepagebooking.com%2Fseehotel-europa%2Fpackages%2F57537|title:Book|&#8221; button_color_type=&#8221;uncode-palette&#8221; uncode_shortcode_id=&#8221;116958&#8243;]Book now![\/vc_button][\/vc_column][\/vc_row][vc_row row_height_percent=&#8221;0&#8243; override_padding=&#8221;yes&#8221; h_padding=&#8221;2&#8243; top_padding=&#8221;5&#8243; bottom_padding=&#8221;5&#8243; back_color=&#8221;color-210407&#8243; overlay_alpha=&#8221;100&#8243; gutter_size=&#8221;100&#8243; column_width_percent=&#8221;100&#8243; shift_y=&#8221;0&#8243; z_index=&#8221;0&#8243; style=&#8221;inherited&#8221; uncode_shortcode_id=&#8221;164542&#8243; back_color_type=&#8221;uncode-palette&#8221; row_name=&#8221;anfragen&#8221;][vc_column column_width_use_pixel=&#8221;yes&#8221; align_horizontal=&#8221;align_center&#8221; gutter_size=&#8221;3&#8243; overlay_alpha=&#8221;100&#8243; shift_x=&#8221;0&#8243; shift_y=&#8221;0&#8243; shift_y_down=&#8221;0&#8243; z_index=&#8221;0&#8243; medium_width=&#8221;100&#8243; mobile_width=&#8221;0&#8243; zoom_width=&#8221;0&#8243; zoom_height=&#8221;0&#8243; width=&#8221;1\/1&#8243; column_width_pixel=&#8221;1100&#8243; uncode_shortcode_id=&#8221;207127&#8243;][vc_row_inner row_inner_height_percent=&#8221;0&#8243; back_color=&#8221;color-xsdn&#8221; overlay_alpha=&#8221;100&#8243; gutter_size=&#8221;3&#8243; shift_y=&#8221;0&#8243; z_index=&#8221;0&#8243; uncode_shortcode_id=&#8221;185873&#8243; back_color_type=&#8221;uncode-palette&#8221;][vc_column_inner column_width_use_pixel=&#8221;yes&#8221; gutter_size=&#8221;3&#8243; override_padding=&#8221;yes&#8221; column_padding=&#8221;2&#8243; overlay_alpha=&#8221;100&#8243; shift_x=&#8221;0&#8243; shift_y=&#8221;0&#8243; shift_y_down=&#8221;0&#8243; z_index=&#8221;0&#8243; medium_width=&#8221;0&#8243; mobile_width=&#8221;0&#8243; zoom_width=&#8221;0&#8243; zoom_height=&#8221;0&#8243; width=&#8221;1\/1&#8243; column_width_pixel=&#8221;1200&#8243; uncode_shortcode_id=&#8221;158019&#8243;][vc_custom_heading text_size=&#8221;h3&#8243; uncode_shortcode_id=&#8221;133760&#8243;]How about a golf vacation at the Seehotel Europa?[\/vc_custom_heading][\/vc_column_inner][\/vc_row_inner][\/vc_column][\/vc_row]<\/p>\n<\/div>","protected":false},"excerpt":{"rendered":"<p>[vc_row unlock_row_content=&#8221;yes&#8221; row_height_percent=&#8221;0&#8243; override_padding=&#8221;yes&#8221; h_padding=&#8221;2&#8243; top_padding=&#8221;5&#8243; bottom_padding=&#8221;5&#8243; back_image=&#8221;122053&#8243; kburns=&#8221;yes&#8221; overlay_color=&#8221;color-jevc&#8221; overlay_alpha=&#8221;65&#8243; gutter_size=&#8221;3&#8243; column_width_percent=&#8221;100&#8243; shift_y=&#8221;0&#8243; z_index=&#8221;0&#8243; uncode_shortcode_id=&#8221;592959&#8243; overlay_color_type=&#8221;uncode-palette&#8221;][vc_column column_width_percent=&#8221;85&#8243; align_horizontal=&#8221;align_center&#8221; gutter_size=&#8221;3&#8243; [&hellip;]<\/p>\n","protected":false},"author":6,"featured_media":0,"parent":0,"menu_order":0,"comment_status":"closed","ping_status":"closed","template":"","meta":{"footnotes":""},"class_list":["post-122840","page","type-page","status-publish","hentry"],"yoast_head":"<!-- This site is optimized with the Yoast SEO plugin v27.5 - https:\/\/yoast.com\/product\/yoast-seo-wordpress\/ -->\n<title>Swift tee-off - Seehotel Europa - Lebenslust am W\u00f6rthersee<\/title>\n<meta name=\"robots\" content=\"index, follow, max-snippet:-1, max-image-preview:large, max-video-preview:-1\" \/>\n<link rel=\"canonical\" href=\"https:\/\/seehotel-europa.at\/en\/swift-tee-off\/\" \/>\n<meta property=\"og:locale\" content=\"en_US\" \/>\n<meta property=\"og:type\" content=\"article\" \/>\n<meta property=\"og:title\" content=\"Swift tee-off - Seehotel Europa - Lebenslust am W\u00f6rthersee\" \/>\n<meta property=\"og:description\" content=\"[vc_row unlock_row_content=&#8221;yes&#8221; row_height_percent=&#8221;0&#8243; override_padding=&#8221;yes&#8221; h_padding=&#8221;2&#8243; top_padding=&#8221;5&#8243; bottom_padding=&#8221;5&#8243; back_image=&#8221;122053&#8243; kburns=&#8221;yes&#8221; overlay_color=&#8221;color-jevc&#8221; overlay_alpha=&#8221;65&#8243; gutter_size=&#8221;3&#8243; column_width_percent=&#8221;100&#8243; shift_y=&#8221;0&#8243; z_index=&#8221;0&#8243; uncode_shortcode_id=&#8221;592959&#8243; overlay_color_type=&#8221;uncode-palette&#8221;][vc_column column_width_percent=&#8221;85&#8243; align_horizontal=&#8221;align_center&#8221; gutter_size=&#8221;3&#8243; [&hellip;]\" \/>\n<meta property=\"og:url\" content=\"https:\/\/seehotel-europa.at\/en\/swift-tee-off\/\" \/>\n<meta property=\"og:site_name\" content=\"Seehotel Europa - Lebenslust am W\u00f6rthersee\" \/>\n<meta property=\"article:modified_time\" content=\"2026-03-11T16:41:19+00:00\" \/>\n<meta property=\"og:image\" content=\"https:\/\/seehotel-europa.at\/wp-content\/uploads\/2024\/03\/Design-ohne-Titel-1.png\" \/>\n\t<meta property=\"og:image:width\" content=\"1200\" \/>\n\t<meta property=\"og:image:height\" content=\"675\" \/>\n\t<meta property=\"og:image:type\" content=\"image\/png\" \/>\n<meta name=\"twitter:card\" content=\"summary_large_image\" \/>\n<meta name=\"twitter:label1\" content=\"Est. reading time\" \/>\n\t<meta name=\"twitter:data1\" content=\"3 minutes\" \/>\n<script type=\"application\/ld+json\" class=\"yoast-schema-graph\">{\"@context\":\"https:\\\/\\\/schema.org\",\"@graph\":[{\"@type\":\"WebPage\",\"@id\":\"https:\\\/\\\/seehotel-europa.at\\\/en\\\/swift-tee-off\\\/\",\"url\":\"https:\\\/\\\/seehotel-europa.at\\\/en\\\/swift-tee-off\\\/\",\"name\":\"Swift tee-off - Seehotel Europa - Lebenslust am W\u00f6rthersee\",\"isPartOf\":{\"@id\":\"https:\\\/\\\/seehotel-europa.at\\\/#website\"},\"datePublished\":\"2024-02-23T10:20:01+00:00\",\"dateModified\":\"2026-03-11T16:41:19+00:00\",\"breadcrumb\":{\"@id\":\"https:\\\/\\\/seehotel-europa.at\\\/en\\\/swift-tee-off\\\/#breadcrumb\"},\"inLanguage\":\"en-US\",\"potentialAction\":[{\"@type\":\"ReadAction\",\"target\":[\"https:\\\/\\\/seehotel-europa.at\\\/en\\\/swift-tee-off\\\/\"]}]},{\"@type\":\"BreadcrumbList\",\"@id\":\"https:\\\/\\\/seehotel-europa.at\\\/en\\\/swift-tee-off\\\/#breadcrumb\",\"itemListElement\":[{\"@type\":\"ListItem\",\"position\":1,\"name\":\"Startseite\",\"item\":\"https:\\\/\\\/seehotel-europa.at\\\/en\\\/\"},{\"@type\":\"ListItem\",\"position\":2,\"name\":\"Swift tee-off\"}]},{\"@type\":\"WebSite\",\"@id\":\"https:\\\/\\\/seehotel-europa.at\\\/#website\",\"url\":\"https:\\\/\\\/seehotel-europa.at\\\/\",\"name\":\"Seehotel Europa - Lebenslust am W\u00f6rthersee\",\"description\":\"\",\"publisher\":{\"@id\":\"https:\\\/\\\/seehotel-europa.at\\\/#organization\"},\"potentialAction\":[{\"@type\":\"SearchAction\",\"target\":{\"@type\":\"EntryPoint\",\"urlTemplate\":\"https:\\\/\\\/seehotel-europa.at\\\/?s={search_term_string}\"},\"query-input\":{\"@type\":\"PropertyValueSpecification\",\"valueRequired\":true,\"valueName\":\"search_term_string\"}}],\"inLanguage\":\"en-US\"},{\"@type\":\"Organization\",\"@id\":\"https:\\\/\\\/seehotel-europa.at\\\/#organization\",\"name\":\"Seehotel Europa - Lebenslust am W\u00f6rthersee\",\"url\":\"https:\\\/\\\/seehotel-europa.at\\\/\",\"logo\":{\"@type\":\"ImageObject\",\"inLanguage\":\"en-US\",\"@id\":\"https:\\\/\\\/seehotel-europa.at\\\/#\\\/schema\\\/logo\\\/image\\\/\",\"url\":\"https:\\\/\\\/seehotel-europa.at\\\/wp-content\\\/uploads\\\/2024\\\/01\\\/2022_seehotel_europa_logo_RGB-1.png\",\"contentUrl\":\"https:\\\/\\\/seehotel-europa.at\\\/wp-content\\\/uploads\\\/2024\\\/01\\\/2022_seehotel_europa_logo_RGB-1.png\",\"width\":1417,\"height\":638,\"caption\":\"Seehotel Europa - Lebenslust am W\u00f6rthersee\"},\"image\":{\"@id\":\"https:\\\/\\\/seehotel-europa.at\\\/#\\\/schema\\\/logo\\\/image\\\/\"},\"sameAs\":[\"https:\\\/\\\/www.instagram.com\\\/seehotel.europa\\\/\"]}]}<\/script>\n<!-- \/ Yoast SEO plugin. -->","yoast_head_json":{"title":"Swift tee-off - Seehotel Europa - Lebenslust am W\u00f6rthersee","robots":{"index":"index","follow":"follow","max-snippet":"max-snippet:-1","max-image-preview":"max-image-preview:large","max-video-preview":"max-video-preview:-1"},"canonical":"https:\/\/seehotel-europa.at\/en\/swift-tee-off\/","og_locale":"en_US","og_type":"article","og_title":"Swift tee-off - Seehotel Europa - Lebenslust am W\u00f6rthersee","og_description":"[vc_row unlock_row_content=&#8221;yes&#8221; row_height_percent=&#8221;0&#8243; override_padding=&#8221;yes&#8221; h_padding=&#8221;2&#8243; top_padding=&#8221;5&#8243; bottom_padding=&#8221;5&#8243; back_image=&#8221;122053&#8243; kburns=&#8221;yes&#8221; overlay_color=&#8221;color-jevc&#8221; overlay_alpha=&#8221;65&#8243; gutter_size=&#8221;3&#8243; column_width_percent=&#8221;100&#8243; shift_y=&#8221;0&#8243; z_index=&#8221;0&#8243; uncode_shortcode_id=&#8221;592959&#8243; overlay_color_type=&#8221;uncode-palette&#8221;][vc_column column_width_percent=&#8221;85&#8243; align_horizontal=&#8221;align_center&#8221; gutter_size=&#8221;3&#8243; [&hellip;]","og_url":"https:\/\/seehotel-europa.at\/en\/swift-tee-off\/","og_site_name":"Seehotel Europa - Lebenslust am W\u00f6rthersee","article_modified_time":"2026-03-11T16:41:19+00:00","og_image":[{"width":1200,"height":675,"url":"https:\/\/seehotel-europa.at\/wp-content\/uploads\/2024\/03\/Design-ohne-Titel-1.png","type":"image\/png"}],"twitter_card":"summary_large_image","twitter_misc":{"Est. reading time":"3 minutes"},"schema":{"@context":"https:\/\/schema.org","@graph":[{"@type":"WebPage","@id":"https:\/\/seehotel-europa.at\/en\/swift-tee-off\/","url":"https:\/\/seehotel-europa.at\/en\/swift-tee-off\/","name":"Swift tee-off - Seehotel Europa - Lebenslust am W\u00f6rthersee","isPartOf":{"@id":"https:\/\/seehotel-europa.at\/#website"},"datePublished":"2024-02-23T10:20:01+00:00","dateModified":"2026-03-11T16:41:19+00:00","breadcrumb":{"@id":"https:\/\/seehotel-europa.at\/en\/swift-tee-off\/#breadcrumb"},"inLanguage":"en-US","potentialAction":[{"@type":"ReadAction","target":["https:\/\/seehotel-europa.at\/en\/swift-tee-off\/"]}]},{"@type":"BreadcrumbList","@id":"https:\/\/seehotel-europa.at\/en\/swift-tee-off\/#breadcrumb","itemListElement":[{"@type":"ListItem","position":1,"name":"Startseite","item":"https:\/\/seehotel-europa.at\/en\/"},{"@type":"ListItem","position":2,"name":"Swift tee-off"}]},{"@type":"WebSite","@id":"https:\/\/seehotel-europa.at\/#website","url":"https:\/\/seehotel-europa.at\/","name":"Seehotel Europa - Lebenslust am W\u00f6rthersee","description":"","publisher":{"@id":"https:\/\/seehotel-europa.at\/#organization"},"potentialAction":[{"@type":"SearchAction","target":{"@type":"EntryPoint","urlTemplate":"https:\/\/seehotel-europa.at\/?s={search_term_string}"},"query-input":{"@type":"PropertyValueSpecification","valueRequired":true,"valueName":"search_term_string"}}],"inLanguage":"en-US"},{"@type":"Organization","@id":"https:\/\/seehotel-europa.at\/#organization","name":"Seehotel Europa - Lebenslust am W\u00f6rthersee","url":"https:\/\/seehotel-europa.at\/","logo":{"@type":"ImageObject","inLanguage":"en-US","@id":"https:\/\/seehotel-europa.at\/#\/schema\/logo\/image\/","url":"https:\/\/seehotel-europa.at\/wp-content\/uploads\/2024\/01\/2022_seehotel_europa_logo_RGB-1.png","contentUrl":"https:\/\/seehotel-europa.at\/wp-content\/uploads\/2024\/01\/2022_seehotel_europa_logo_RGB-1.png","width":1417,"height":638,"caption":"Seehotel Europa - Lebenslust am W\u00f6rthersee"},"image":{"@id":"https:\/\/seehotel-europa.at\/#\/schema\/logo\/image\/"},"sameAs":["https:\/\/www.instagram.com\/seehotel.europa\/"]}]}},"_links":{"self":[{"href":"https:\/\/seehotel-europa.at\/en\/wp-json\/wp\/v2\/pages\/122840","targetHints":{"allow":["GET"]}}],"collection":[{"href":"https:\/\/seehotel-europa.at\/en\/wp-json\/wp\/v2\/pages"}],"about":[{"href":"https:\/\/seehotel-europa.at\/en\/wp-json\/wp\/v2\/types\/page"}],"author":[{"embeddable":true,"href":"https:\/\/seehotel-europa.at\/en\/wp-json\/wp\/v2\/users\/6"}],"replies":[{"embeddable":true,"href":"https:\/\/seehotel-europa.at\/en\/wp-json\/wp\/v2\/comments?post=122840"}],"version-history":[{"count":19,"href":"https:\/\/seehotel-europa.at\/en\/wp-json\/wp\/v2\/pages\/122840\/revisions"}],"predecessor-version":[{"id":159801,"href":"https:\/\/seehotel-europa.at\/en\/wp-json\/wp\/v2\/pages\/122840\/revisions\/159801"}],"wp:attachment":[{"href":"https:\/\/seehotel-europa.at\/en\/wp-json\/wp\/v2\/media?parent=122840"}],"curies":[{"name":"wp","href":"https:\/\/api.w.org\/{rel}","templated":true}]}}