{"id":124089,"date":"2025-03-13T17:16:52","date_gmt":"2025-03-13T16:16:52","guid":{"rendered":"https:\/\/seehotel-europa.at\/woerthersee-cocktail-week-special\/"},"modified":"2025-03-14T16:11:48","modified_gmt":"2025-03-14T15:11:48","slug":"woerthersee-cocktail-week-special","status":"publish","type":"page","link":"https:\/\/seehotel-europa.at\/en\/woerthersee-cocktail-week-special\/","title":{"rendered":"W\u00f6rthersee Cocktail Week Special"},"content":{"rendered":"<div class=\"wpb-content-wrapper\"><p>[vc_row unlock_row_content=&#8221;yes&#8221; row_height_percent=&#8221;0&#8243; override_padding=&#8221;yes&#8221; h_padding=&#8221;2&#8243; top_padding=&#8221;5&#8243; bottom_padding=&#8221;5&#8243; back_image=&#8221;124074&#8243; kburns=&#8221;yes&#8221; overlay_color=&#8221;color-jevc&#8221; overlay_alpha=&#8221;65&#8243; gutter_size=&#8221;3&#8243; column_width_percent=&#8221;100&#8243; shift_y=&#8221;0&#8243; z_index=&#8221;0&#8243; content_parallax=&#8221;0&#8243; uncode_shortcode_id=&#8221;669867&#8243; overlay_color_type=&#8221;uncode-palette&#8221;][vc_column column_width_percent=&#8221;85&#8243; align_horizontal=&#8221;align_center&#8221; gutter_size=&#8221;3&#8243; override_padding=&#8221;yes&#8221; column_padding=&#8221;3&#8243; style=&#8221;dark&#8221; overlay_alpha=&#8221;50&#8243; shift_x=&#8221;0&#8243; shift_y=&#8221;0&#8243; shift_y_down=&#8221;0&#8243; z_index=&#8221;0&#8243; medium_width=&#8221;0&#8243; mobile_width=&#8221;0&#8243; width=&#8221;1\/1&#8243; uncode_shortcode_id=&#8221;789625&#8243;][vc_empty_space empty_h=&#8221;2&#8243;][vc_row_inner row_inner_height_percent=&#8221;0&#8243; overlay_alpha=&#8221;50&#8243; gutter_size=&#8221;4&#8243; shift_y=&#8221;0&#8243; z_index=&#8221;0&#8243; limit_content=&#8221;&#8221; uncode_shortcode_id=&#8221;134335&#8243;][vc_column_inner column_width_percent=&#8221;100&#8243; align_horizontal=&#8221;align_center&#8221; gutter_size=&#8221;3&#8243; style=&#8221;dark&#8221; overlay_alpha=&#8221;50&#8243; shift_x=&#8221;0&#8243; shift_y=&#8221;0&#8243; shift_y_down=&#8221;0&#8243; z_index=&#8221;0&#8243; medium_width=&#8221;0&#8243; mobile_width=&#8221;0&#8243; width=&#8221;1\/1&#8243; uncode_shortcode_id=&#8221;102413&#8243;][vc_custom_heading heading_semantic=&#8221;h1&#8243; text_size=&#8221;fontsize-896053&#8243; uncode_shortcode_id=&#8221;161957&#8243;]WELCOME, COCKTAIL PLEASURE![\/vc_custom_heading][vc_custom_heading uncode_shortcode_id=&#8221;131024&#8243;]W\u00d6RTHERSEE COCKTAIL WEEK SPECIAL[\/vc_custom_heading][vc_separator sep_color=&#8221;color-lxmt&#8221; css_animation=&#8221;alpha-anim&#8221; animation_speed=&#8221;700&#8243; uncode_shortcode_id=&#8221;158312&#8243; sep_color_type=&#8221;uncode-palette&#8221; el_width=&#8221;60%&#8221;][vc_icon position=&#8221;bottom&#8221; icon_image=&#8221;121422&#8243; media_size=&#8221;60&#8243; text_size=&#8221;h6&#8243; text_weight=&#8221;200&#8243; css_animation=&#8221;top-t-bottom&#8221; animation_delay=&#8221;400&#8243; uncode_shortcode_id=&#8221;396306&#8243; link=&#8221;url:%23start|&#8221;][\/vc_icon][\/vc_column_inner][\/vc_row_inner][vc_empty_space empty_h=&#8221;2&#8243;][\/vc_column][\/vc_row][vc_row row_height_percent=&#8221;0&#8243; override_padding=&#8221;yes&#8221; h_padding=&#8221;2&#8243; top_padding=&#8221;5&#8243; bottom_padding=&#8221;5&#8243; back_color=&#8221;color-210407&#8243; overlay_alpha=&#8221;50&#8243; equal_height=&#8221;yes&#8221; gutter_size=&#8221;4&#8243; column_width_percent=&#8221;100&#8243; shift_y=&#8221;0&#8243; z_index=&#8221;0&#8243; el_class=&#8221;inverted-device-order&#8221; uncode_shortcode_id=&#8221;145079&#8243; row_name=&#8221;start&#8221; back_color_type=&#8221;uncode-palette&#8221;][vc_column column_width_percent=&#8221;70&#8243; position_vertical=&#8221;middle&#8221; align_horizontal=&#8221;align_center&#8221; gutter_size=&#8221;2&#8243; overlay_alpha=&#8221;50&#8243; shift_x=&#8221;0&#8243; shift_y=&#8221;0&#8243; shift_y_down=&#8221;0&#8243; z_index=&#8221;0&#8243; medium_width=&#8221;0&#8243; mobile_width=&#8221;0&#8243; width=&#8221;1\/1&#8243; uncode_shortcode_id=&#8221;116881&#8243;][vc_custom_heading heading_semantic=&#8221;h4&#8243; text_size=&#8221;h5&#8243; text_weight=&#8221;400&#8243; uncode_shortcode_id=&#8221;432269&#8243;]FROM 9 TO 10 MAY 2025[\/vc_custom_heading][vc_custom_heading uncode_shortcode_id=&#8221;138817&#8243; subheading=&#8221;Our W\u00f6rthersee Cocktail Week Special not only allows you to enjoy a break in the wonderful ambience of the Seehotel Europa with all its amenities, but also to be part of a unique event: At the Superfly.fm Dinner Club, you can immerse yourself in a world of culinary highlights, fine drinks and stylish beats. Experience an evening that combines culinary delights and music at the highest level &#8211; with a champagne reception, a 6-course dinner and cocktails from cocktail world champion Mario Hofferer&#039;s Championsbar. All accompanied by a Superfly.fm DJ with relaxed beats and a unique atmosphere.&#8221;]A first-class experience awaits you![\/vc_custom_heading][vc_button button_color=&#8221;color-jevc&#8221; size=&#8221;btn-lg&#8221; outline=&#8221;yes&#8221; text_skin=&#8221;yes&#8221; custom_typo=&#8221;yes&#8221; font_family=&#8221;font-555555&#8243; font_weight=&#8221;600&#8243; border_width=&#8221;0&#8243; css_animation=&#8221;alpha-anim&#8221; animation_speed=&#8221;700&#8243; link=&#8221;url:%23anfragen|&#8221; button_color_type=&#8221;uncode-palette&#8221; uncode_shortcode_id=&#8221;105844&#8243;]Book now[\/vc_button][\/vc_column][\/vc_row][vc_row row_height_percent=&#8221;0&#8243; override_padding=&#8221;yes&#8221; h_padding=&#8221;2&#8243; top_padding=&#8221;5&#8243; bottom_padding=&#8221;5&#8243; overlay_alpha=&#8221;50&#8243; gutter_size=&#8221;4&#8243; column_width_percent=&#8221;100&#8243; shift_y=&#8221;0&#8243; z_index=&#8221;0&#8243; el_class=&#8221;inverted-device-order&#8221; uncode_shortcode_id=&#8221;116796&#8243;][vc_column column_width_percent=&#8221;100&#8243; position_vertical=&#8221;middle&#8221; gutter_size=&#8221;3&#8243; overlay_alpha=&#8221;50&#8243; shift_x=&#8221;0&#8243; shift_y=&#8221;0&#8243; shift_y_down=&#8221;0&#8243; z_index=&#8221;0&#8243; medium_width=&#8221;0&#8243; mobile_width=&#8221;0&#8243; width=&#8221;1\/2&#8243;][vc_gallery el_id=&#8221;gallery-424275&#8243; type=&#8221;carousel&#8221; medias=&#8221;123686,123688,124080&#8243; carousel_lg=&#8221;1&#8243; carousel_md=&#8221;1&#8243; carousel_sm=&#8221;1&#8243; gutter_size=&#8221;3&#8243; carousel_interval=&#8221;3000&#8243; carousel_navspeed=&#8221;400&#8243; carousel_loop=&#8221;yes&#8221; carousel_nav=&#8221;yes&#8221; carousel_nav_skin=&#8221;dark&#8221; carousel_dots=&#8221;yes&#8221; carousel_dots_mobile=&#8221;yes&#8221; carousel_dots_inside=&#8221;yes&#8221; carousel_dot_padding=&#8221;2&#8243; stage_padding=&#8221;0&#8243; single_overlay_opacity=&#8221;50&#8243; single_padding=&#8221;2&#8243; uncode_shortcode_id=&#8221;158587&#8243;][\/vc_column][vc_column column_width_percent=&#8221;100&#8243; position_vertical=&#8221;middle&#8221; gutter_size=&#8221;2&#8243; overlay_alpha=&#8221;50&#8243; shift_x=&#8221;0&#8243; shift_y=&#8221;0&#8243; shift_y_down=&#8221;0&#8243; z_index=&#8221;0&#8243; medium_width=&#8221;0&#8243; mobile_width=&#8221;0&#8243; width=&#8221;1\/2&#8243; uncode_shortcode_id=&#8221;278086&#8243;][vc_custom_heading heading_semantic=&#8221;h4&#8243; text_size=&#8221;h5&#8243; text_weight=&#8221;400&#8243; uncode_shortcode_id=&#8221;411701&#8243;]W\u00d6RTHERSEE COCKTAIL WEEK SPECIAL[\/vc_custom_heading][vc_custom_heading text_size=&#8221;h3&#8243; uncode_shortcode_id=&#8221;163930&#8243;]Highlights[\/vc_custom_heading][uncode_list icon=&#8221;fa fa-minus2&#8243; uncode_shortcode_id=&#8221;890764&#8243;]<\/p>\n<ul>\n<li>Overnight stay from Friday, 9 May to Saturday, 10 May 2025 in a double room<\/li>\n<li>Superfly.FM Dinner Club on Friday from 18:00 to 22:00:<\/li>\n<\/ul>\n<p>Your evening begins with an exclusive champagne reception, the perfect prelude to an extraordinary experience. Afterwards, we will spoil you with an exquisite 6-course gourmet menu, with the finest ingredients and refined compositions taking centre stage. You will also enjoy first-class cocktails from Mario Hofferer&#8217;s Champion Bar, accompanied by an exquisite selection of beer, wine and non-alcoholic drinks &#8211; all included. A Superfly.FM DJ will provide the perfect soundtrack for the evening, creating an unrivalled atmosphere with relaxed beats.<br \/>\n[\/uncode_list][uncode_list icon=&#8221;fa fa-minus2&#8243; uncode_shortcode_id=&#8221;601377&#8243;]<\/p>\n<ul>\n<li>Enjoy a great start to the day with our extensive breakfast buffet<\/li>\n<li>Late check-out on Saturday until 12:00 noon for extra relaxation<\/li>\n<li>Price: \u20ac 264,- per person in a double room<\/li>\n<li>Cocktail pass for the W\u00f6rthersee Cocktail Week: \u20ac 85,-<\/li>\n<li>Extra night (on request): \u20ac 115,-<\/li>\n<\/ul>\n<p>[\/uncode_list][vc_button button_color=&#8221;color-jevc&#8221; size=&#8221;btn-lg&#8221; outline=&#8221;yes&#8221; text_skin=&#8221;yes&#8221; custom_typo=&#8221;yes&#8221; font_family=&#8221;font-555555&#8243; font_weight=&#8221;600&#8243; border_width=&#8221;0&#8243; css_animation=&#8221;alpha-anim&#8221; animation_speed=&#8221;700&#8243; link=&#8221;url:https%3A%2F%2Fonepagebooking.com%2Fseehotel-europa%2Fpackages%2F59590%3Flang%3Den|target:_blank|&#8221; button_color_type=&#8221;uncode-palette&#8221; uncode_shortcode_id=&#8221;632099&#8243;]Book now[\/vc_button][\/vc_column][\/vc_row][vc_row row_height_percent=&#8221;0&#8243; override_padding=&#8221;yes&#8221; h_padding=&#8221;2&#8243; top_padding=&#8221;5&#8243; bottom_padding=&#8221;5&#8243; back_color=&#8221;color-210407&#8243; overlay_alpha=&#8221;100&#8243; gutter_size=&#8221;100&#8243; column_width_percent=&#8221;100&#8243; shift_y=&#8221;0&#8243; z_index=&#8221;0&#8243; style=&#8221;inherited&#8221; uncode_shortcode_id=&#8221;164542&#8243; back_color_type=&#8221;uncode-palette&#8221; row_name=&#8221;anfragen&#8221;][vc_column column_width_use_pixel=&#8221;yes&#8221; align_horizontal=&#8221;align_center&#8221; gutter_size=&#8221;3&#8243; overlay_alpha=&#8221;100&#8243; shift_x=&#8221;0&#8243; shift_y=&#8221;0&#8243; shift_y_down=&#8221;0&#8243; z_index=&#8221;0&#8243; medium_width=&#8221;100&#8243; mobile_width=&#8221;0&#8243; zoom_width=&#8221;0&#8243; zoom_height=&#8221;0&#8243; width=&#8221;1\/1&#8243; column_width_pixel=&#8221;1100&#8243; uncode_shortcode_id=&#8221;207127&#8243;][vc_row_inner row_inner_height_percent=&#8221;0&#8243; back_color=&#8221;color-xsdn&#8221; overlay_alpha=&#8221;100&#8243; gutter_size=&#8221;3&#8243; shift_y=&#8221;0&#8243; z_index=&#8221;0&#8243; uncode_shortcode_id=&#8221;185873&#8243; back_color_type=&#8221;uncode-palette&#8221; limit_content=&#8221;&#8221;][vc_column_inner column_width_use_pixel=&#8221;yes&#8221; gutter_size=&#8221;3&#8243; override_padding=&#8221;yes&#8221; column_padding=&#8221;2&#8243; overlay_alpha=&#8221;100&#8243; shift_x=&#8221;0&#8243; shift_y=&#8221;0&#8243; shift_y_down=&#8221;0&#8243; z_index=&#8221;0&#8243; medium_width=&#8221;0&#8243; mobile_width=&#8221;0&#8243; zoom_width=&#8221;0&#8243; zoom_height=&#8221;0&#8243; width=&#8221;1\/1&#8243; column_width_pixel=&#8221;1200&#8243; uncode_shortcode_id=&#8221;158019&#8243;][vc_custom_heading text_size=&#8221;h3&#8243; uncode_shortcode_id=&#8221;160726&#8243;]How about a short break at the Seehotel Europa?[\/vc_custom_heading][vc_raw_html]W2V2ZXJlc3RfZm9ybSBpZD0iMTIwMDg3Il0=[\/vc_raw_html][\/vc_column_inner][\/vc_row_inner][\/vc_column][\/vc_row]<\/p>\n<\/div>","protected":false},"excerpt":{"rendered":"<p>[vc_row unlock_row_content=&#8221;yes&#8221; row_height_percent=&#8221;0&#8243; override_padding=&#8221;yes&#8221; h_padding=&#8221;2&#8243; top_padding=&#8221;5&#8243; bottom_padding=&#8221;5&#8243; back_image=&#8221;124074&#8243; kburns=&#8221;yes&#8221; overlay_color=&#8221;color-jevc&#8221; overlay_alpha=&#8221;65&#8243; gutter_size=&#8221;3&#8243; column_width_percent=&#8221;100&#8243; shift_y=&#8221;0&#8243; z_index=&#8221;0&#8243; content_parallax=&#8221;0&#8243; uncode_shortcode_id=&#8221;669867&#8243; overlay_color_type=&#8221;uncode-palette&#8221;][vc_column column_width_percent=&#8221;85&#8243; align_horizontal=&#8221;align_center&#8221; [&hellip;]<\/p>\n","protected":false},"author":6,"featured_media":0,"parent":0,"menu_order":0,"comment_status":"closed","ping_status":"closed","template":"","meta":{"footnotes":""},"class_list":["post-124089","page","type-page","status-publish","hentry"],"yoast_head":"<!-- This site is optimized with the Yoast SEO plugin v27.3 - https:\/\/yoast.com\/product\/yoast-seo-wordpress\/ -->\n<title>W\u00f6rthersee Cocktail Week Special - Seehotel Europa - Lebenslust am W\u00f6rthersee<\/title>\n<meta name=\"description\" content=\"Experience an unforgettable short stay as part of the W\u00f6rthersee Cocktail Week - with Superfly.FM Dinner Club, cocktails and 6-course menu!\" \/>\n<meta name=\"robots\" content=\"index, follow, max-snippet:-1, max-image-preview:large, max-video-preview:-1\" \/>\n<link rel=\"canonical\" href=\"https:\/\/seehotel-europa.at\/wcw-special\/\" \/>\n<meta property=\"og:locale\" content=\"en_US\" \/>\n<meta property=\"og:type\" content=\"article\" \/>\n<meta property=\"og:title\" content=\"W\u00f6rthersee Cocktail Week Special - Seehotel Europa - Lebenslust am W\u00f6rthersee\" \/>\n<meta property=\"og:description\" content=\"Experience an unforgettable short stay as part of the W\u00f6rthersee Cocktail Week - with Superfly.FM Dinner Club, cocktails and 6-course menu!\" \/>\n<meta property=\"og:url\" content=\"https:\/\/seehotel-europa.at\/wcw-special\/\" \/>\n<meta property=\"og:site_name\" content=\"Seehotel Europa - Lebenslust am W\u00f6rthersee\" \/>\n<meta property=\"article:modified_time\" content=\"2025-03-14T15:11:48+00:00\" \/>\n<meta property=\"og:image\" content=\"https:\/\/seehotel-europa.at\/wp-content\/uploads\/2024\/03\/Design-ohne-Titel-1.png\" \/>\n\t<meta property=\"og:image:width\" content=\"1200\" \/>\n\t<meta property=\"og:image:height\" content=\"675\" \/>\n\t<meta property=\"og:image:type\" content=\"image\/png\" \/>\n<meta name=\"twitter:card\" content=\"summary_large_image\" \/>\n<meta name=\"twitter:label1\" content=\"Est. reading time\" \/>\n\t<meta name=\"twitter:data1\" content=\"5 minutes\" \/>\n<script type=\"application\/ld+json\" class=\"yoast-schema-graph\">{\"@context\":\"https:\\\/\\\/schema.org\",\"@graph\":[{\"@type\":\"WebPage\",\"@id\":\"https:\\\/\\\/seehotel-europa.at\\\/wcw-special\\\/\",\"url\":\"https:\\\/\\\/seehotel-europa.at\\\/wcw-special\\\/\",\"name\":\"W\u00f6rthersee Cocktail Week Special - Seehotel Europa - Lebenslust am W\u00f6rthersee\",\"isPartOf\":{\"@id\":\"https:\\\/\\\/seehotel-europa.at\\\/#website\"},\"datePublished\":\"2025-03-13T16:16:52+00:00\",\"dateModified\":\"2025-03-14T15:11:48+00:00\",\"description\":\"Experience an unforgettable short stay as part of the W\u00f6rthersee Cocktail Week - with Superfly.FM Dinner Club, cocktails and 6-course menu!\",\"breadcrumb\":{\"@id\":\"https:\\\/\\\/seehotel-europa.at\\\/wcw-special\\\/#breadcrumb\"},\"inLanguage\":\"en-US\",\"potentialAction\":[{\"@type\":\"ReadAction\",\"target\":[\"https:\\\/\\\/seehotel-europa.at\\\/wcw-special\\\/\"]}]},{\"@type\":\"BreadcrumbList\",\"@id\":\"https:\\\/\\\/seehotel-europa.at\\\/wcw-special\\\/#breadcrumb\",\"itemListElement\":[{\"@type\":\"ListItem\",\"position\":1,\"name\":\"Startseite\",\"item\":\"https:\\\/\\\/seehotel-europa.at\\\/en\\\/\"},{\"@type\":\"ListItem\",\"position\":2,\"name\":\"W\u00f6rthersee Cocktail Week Special\"}]},{\"@type\":\"WebSite\",\"@id\":\"https:\\\/\\\/seehotel-europa.at\\\/#website\",\"url\":\"https:\\\/\\\/seehotel-europa.at\\\/\",\"name\":\"Seehotel Europa - Lebenslust am W\u00f6rthersee\",\"description\":\"\",\"publisher\":{\"@id\":\"https:\\\/\\\/seehotel-europa.at\\\/#organization\"},\"potentialAction\":[{\"@type\":\"SearchAction\",\"target\":{\"@type\":\"EntryPoint\",\"urlTemplate\":\"https:\\\/\\\/seehotel-europa.at\\\/?s={search_term_string}\"},\"query-input\":{\"@type\":\"PropertyValueSpecification\",\"valueRequired\":true,\"valueName\":\"search_term_string\"}}],\"inLanguage\":\"en-US\"},{\"@type\":\"Organization\",\"@id\":\"https:\\\/\\\/seehotel-europa.at\\\/#organization\",\"name\":\"Seehotel Europa - Lebenslust am W\u00f6rthersee\",\"url\":\"https:\\\/\\\/seehotel-europa.at\\\/\",\"logo\":{\"@type\":\"ImageObject\",\"inLanguage\":\"en-US\",\"@id\":\"https:\\\/\\\/seehotel-europa.at\\\/#\\\/schema\\\/logo\\\/image\\\/\",\"url\":\"https:\\\/\\\/seehotel-europa.at\\\/wp-content\\\/uploads\\\/2024\\\/01\\\/2022_seehotel_europa_logo_RGB-1.png\",\"contentUrl\":\"https:\\\/\\\/seehotel-europa.at\\\/wp-content\\\/uploads\\\/2024\\\/01\\\/2022_seehotel_europa_logo_RGB-1.png\",\"width\":1417,\"height\":638,\"caption\":\"Seehotel Europa - Lebenslust am W\u00f6rthersee\"},\"image\":{\"@id\":\"https:\\\/\\\/seehotel-europa.at\\\/#\\\/schema\\\/logo\\\/image\\\/\"},\"sameAs\":[\"https:\\\/\\\/www.instagram.com\\\/seehotel.europa\\\/\"]}]}<\/script>\n<!-- \/ Yoast SEO plugin. -->","yoast_head_json":{"title":"W\u00f6rthersee Cocktail Week Special - Seehotel Europa - Lebenslust am W\u00f6rthersee","description":"Experience an unforgettable short stay as part of the W\u00f6rthersee Cocktail Week - with Superfly.FM Dinner Club, cocktails and 6-course menu!","robots":{"index":"index","follow":"follow","max-snippet":"max-snippet:-1","max-image-preview":"max-image-preview:large","max-video-preview":"max-video-preview:-1"},"canonical":"https:\/\/seehotel-europa.at\/wcw-special\/","og_locale":"en_US","og_type":"article","og_title":"W\u00f6rthersee Cocktail Week Special - Seehotel Europa - Lebenslust am W\u00f6rthersee","og_description":"Experience an unforgettable short stay as part of the W\u00f6rthersee Cocktail Week - with Superfly.FM Dinner Club, cocktails and 6-course menu!","og_url":"https:\/\/seehotel-europa.at\/wcw-special\/","og_site_name":"Seehotel Europa - Lebenslust am W\u00f6rthersee","article_modified_time":"2025-03-14T15:11:48+00:00","og_image":[{"width":1200,"height":675,"url":"https:\/\/seehotel-europa.at\/wp-content\/uploads\/2024\/03\/Design-ohne-Titel-1.png","type":"image\/png"}],"twitter_card":"summary_large_image","twitter_misc":{"Est. reading time":"5 minutes"},"schema":{"@context":"https:\/\/schema.org","@graph":[{"@type":"WebPage","@id":"https:\/\/seehotel-europa.at\/wcw-special\/","url":"https:\/\/seehotel-europa.at\/wcw-special\/","name":"W\u00f6rthersee Cocktail Week Special - Seehotel Europa - Lebenslust am W\u00f6rthersee","isPartOf":{"@id":"https:\/\/seehotel-europa.at\/#website"},"datePublished":"2025-03-13T16:16:52+00:00","dateModified":"2025-03-14T15:11:48+00:00","description":"Experience an unforgettable short stay as part of the W\u00f6rthersee Cocktail Week - with Superfly.FM Dinner Club, cocktails and 6-course menu!","breadcrumb":{"@id":"https:\/\/seehotel-europa.at\/wcw-special\/#breadcrumb"},"inLanguage":"en-US","potentialAction":[{"@type":"ReadAction","target":["https:\/\/seehotel-europa.at\/wcw-special\/"]}]},{"@type":"BreadcrumbList","@id":"https:\/\/seehotel-europa.at\/wcw-special\/#breadcrumb","itemListElement":[{"@type":"ListItem","position":1,"name":"Startseite","item":"https:\/\/seehotel-europa.at\/en\/"},{"@type":"ListItem","position":2,"name":"W\u00f6rthersee Cocktail Week Special"}]},{"@type":"WebSite","@id":"https:\/\/seehotel-europa.at\/#website","url":"https:\/\/seehotel-europa.at\/","name":"Seehotel Europa - Lebenslust am W\u00f6rthersee","description":"","publisher":{"@id":"https:\/\/seehotel-europa.at\/#organization"},"potentialAction":[{"@type":"SearchAction","target":{"@type":"EntryPoint","urlTemplate":"https:\/\/seehotel-europa.at\/?s={search_term_string}"},"query-input":{"@type":"PropertyValueSpecification","valueRequired":true,"valueName":"search_term_string"}}],"inLanguage":"en-US"},{"@type":"Organization","@id":"https:\/\/seehotel-europa.at\/#organization","name":"Seehotel Europa - Lebenslust am W\u00f6rthersee","url":"https:\/\/seehotel-europa.at\/","logo":{"@type":"ImageObject","inLanguage":"en-US","@id":"https:\/\/seehotel-europa.at\/#\/schema\/logo\/image\/","url":"https:\/\/seehotel-europa.at\/wp-content\/uploads\/2024\/01\/2022_seehotel_europa_logo_RGB-1.png","contentUrl":"https:\/\/seehotel-europa.at\/wp-content\/uploads\/2024\/01\/2022_seehotel_europa_logo_RGB-1.png","width":1417,"height":638,"caption":"Seehotel Europa - Lebenslust am W\u00f6rthersee"},"image":{"@id":"https:\/\/seehotel-europa.at\/#\/schema\/logo\/image\/"},"sameAs":["https:\/\/www.instagram.com\/seehotel.europa\/"]}]}},"_links":{"self":[{"href":"https:\/\/seehotel-europa.at\/en\/wp-json\/wp\/v2\/pages\/124089","targetHints":{"allow":["GET"]}}],"collection":[{"href":"https:\/\/seehotel-europa.at\/en\/wp-json\/wp\/v2\/pages"}],"about":[{"href":"https:\/\/seehotel-europa.at\/en\/wp-json\/wp\/v2\/types\/page"}],"author":[{"embeddable":true,"href":"https:\/\/seehotel-europa.at\/en\/wp-json\/wp\/v2\/users\/6"}],"replies":[{"embeddable":true,"href":"https:\/\/seehotel-europa.at\/en\/wp-json\/wp\/v2\/comments?post=124089"}],"version-history":[{"count":2,"href":"https:\/\/seehotel-europa.at\/en\/wp-json\/wp\/v2\/pages\/124089\/revisions"}],"predecessor-version":[{"id":124091,"href":"https:\/\/seehotel-europa.at\/en\/wp-json\/wp\/v2\/pages\/124089\/revisions\/124091"}],"wp:attachment":[{"href":"https:\/\/seehotel-europa.at\/en\/wp-json\/wp\/v2\/media?parent=124089"}],"curies":[{"name":"wp","href":"https:\/\/api.w.org\/{rel}","templated":true}]}}