{"id":124317,"date":"2025-07-24T17:53:23","date_gmt":"2025-07-24T15:53:23","guid":{"rendered":"https:\/\/seehotel-europa.at\/golf-indulgence-days-incl-perrier-jouet-golf-cup\/"},"modified":"2026-03-24T14:17:46","modified_gmt":"2026-03-24T13:17:46","slug":"golf-indulgence-days-incl-perrier-jouet-golf-cup","status":"publish","type":"page","link":"https:\/\/seehotel-europa.at\/en\/golf-indulgence-days-incl-perrier-jouet-golf-cup\/","title":{"rendered":"Golf &amp; pleasure weekend incl. Perrier Jou\u00ebt Golfcup"},"content":{"rendered":"<div class=\"wpb-content-wrapper\"><p>[vc_row unlock_row_content=&#8221;yes&#8221; row_height_percent=&#8221;0&#8243; override_padding=&#8221;yes&#8221; h_padding=&#8221;2&#8243; top_padding=&#8221;5&#8243; bottom_padding=&#8221;5&#8243; back_image=&#8221;123832&#8243; kburns=&#8221;yes&#8221; overlay_color=&#8221;color-jevc&#8221; overlay_alpha=&#8221;65&#8243; gutter_size=&#8221;3&#8243; column_width_percent=&#8221;100&#8243; shift_y=&#8221;0&#8243; z_index=&#8221;0&#8243; content_parallax=&#8221;0&#8243; uncode_shortcode_id=&#8221;164011&#8243; overlay_color_type=&#8221;uncode-palette&#8221;][vc_column column_width_percent=&#8221;85&#8243; align_horizontal=&#8221;align_center&#8221; gutter_size=&#8221;3&#8243; override_padding=&#8221;yes&#8221; column_padding=&#8221;3&#8243; style=&#8221;dark&#8221; overlay_alpha=&#8221;50&#8243; shift_x=&#8221;0&#8243; shift_y=&#8221;0&#8243; shift_y_down=&#8221;0&#8243; z_index=&#8221;0&#8243; medium_width=&#8221;0&#8243; mobile_width=&#8221;0&#8243; width=&#8221;1\/1&#8243; uncode_shortcode_id=&#8221;789625&#8243;][vc_empty_space empty_h=&#8221;2&#8243;][vc_row_inner row_inner_height_percent=&#8221;0&#8243; overlay_alpha=&#8221;50&#8243; gutter_size=&#8221;4&#8243; shift_y=&#8221;0&#8243; z_index=&#8221;0&#8243; limit_content=&#8221;&#8221; uncode_shortcode_id=&#8221;134335&#8243;][vc_column_inner column_width_percent=&#8221;100&#8243; align_horizontal=&#8221;align_center&#8221; gutter_size=&#8221;3&#8243; style=&#8221;dark&#8221; overlay_alpha=&#8221;50&#8243; shift_x=&#8221;0&#8243; shift_y=&#8221;0&#8243; shift_y_down=&#8221;0&#8243; z_index=&#8221;0&#8243; medium_width=&#8221;0&#8243; mobile_width=&#8221;0&#8243; width=&#8221;1\/1&#8243; uncode_shortcode_id=&#8221;102413&#8243;][vc_custom_heading heading_semantic=&#8221;h1&#8243; text_size=&#8221;fontsize-896053&#8243; uncode_shortcode_id=&#8221;988560&#8243;]WELCOME, PERRIER JOU\u00cbT GOLFCUP.[\/vc_custom_heading][vc_custom_heading uncode_shortcode_id=&#8221;190469&#8243;]<strong>GOLF &amp; PLEASURE WEEKEND<\/strong>[\/vc_custom_heading][vc_separator sep_color=&#8221;color-lxmt&#8221; css_animation=&#8221;alpha-anim&#8221; animation_speed=&#8221;700&#8243; uncode_shortcode_id=&#8221;158312&#8243; sep_color_type=&#8221;uncode-palette&#8221; el_width=&#8221;60%&#8221;][vc_icon position=&#8221;bottom&#8221; icon_image=&#8221;121422&#8243; media_size=&#8221;60&#8243; text_size=&#8221;h6&#8243; text_weight=&#8221;200&#8243; css_animation=&#8221;top-t-bottom&#8221; animation_delay=&#8221;400&#8243; uncode_shortcode_id=&#8221;396306&#8243; link=&#8221;url:%23start|&#8221;][\/vc_icon][\/vc_column_inner][\/vc_row_inner][vc_empty_space empty_h=&#8221;2&#8243;][\/vc_column][\/vc_row][vc_row row_height_percent=&#8221;0&#8243; override_padding=&#8221;yes&#8221; h_padding=&#8221;2&#8243; top_padding=&#8221;5&#8243; bottom_padding=&#8221;5&#8243; back_color=&#8221;color-210407&#8243; overlay_alpha=&#8221;50&#8243; equal_height=&#8221;yes&#8221; gutter_size=&#8221;4&#8243; column_width_percent=&#8221;100&#8243; shift_y=&#8221;0&#8243; z_index=&#8221;0&#8243; el_class=&#8221;inverted-device-order&#8221; uncode_shortcode_id=&#8221;145079&#8243; row_name=&#8221;start&#8221; back_color_type=&#8221;uncode-palette&#8221;][vc_column column_width_percent=&#8221;70&#8243; position_vertical=&#8221;middle&#8221; align_horizontal=&#8221;align_center&#8221; gutter_size=&#8221;2&#8243; overlay_alpha=&#8221;50&#8243; shift_x=&#8221;0&#8243; shift_y=&#8221;0&#8243; shift_y_down=&#8221;0&#8243; z_index=&#8221;0&#8243; medium_width=&#8221;0&#8243; mobile_width=&#8221;0&#8243; width=&#8221;1\/1&#8243; uncode_shortcode_id=&#8221;116881&#8243;][vc_custom_heading heading_semantic=&#8221;h4&#8243; text_size=&#8221;h5&#8243; text_weight=&#8221;400&#8243; uncode_shortcode_id=&#8221;110224&#8243;]ENJOYABLE DINING. STYLISH CELEBRATIONS.[\/vc_custom_heading][vc_custom_heading uncode_shortcode_id=&#8221;852270&#8243; subheading=&#8221;Experience a long weekend with golf, fine dining, and relaxed luxury at the Seehotel Europa. From May 22 to 25, 2026, we invite you to join Renate and Jakob Wrann for an exclusive golf and gourmet weekend.<br \/>\nThe highlight: the 32nd Perrier-Jou\u00ebt Golf Cup on Sunday, May 24 \u2013 with a sparkling atmosphere, fine cuisine, and an exclusive evening event.<br \/>\nLook forward to convivial rounds of golf, stylish evenings, special moments of indulgence, and the relaxed atmosphere right by the lake.<br \/>\nTranslated with DeepL.com (free version)&#8221; text_color_type=&#8221;uncode-palette&#8221; text_color_solid=&#8221;#ff0000&#8243;]Golf &amp; enjoyment at Whitsun on Lake W\u00f6rthersee[\/vc_custom_heading][vc_button button_color=&#8221;color-jevc&#8221; size=&#8221;btn-lg&#8221; outline=&#8221;yes&#8221; text_skin=&#8221;yes&#8221; custom_typo=&#8221;yes&#8221; font_family=&#8221;font-555555&#8243; font_weight=&#8221;600&#8243; border_width=&#8221;0&#8243; css_animation=&#8221;alpha-anim&#8221; animation_speed=&#8221;700&#8243; link=&#8221;url:%23anfragen|&#8221; button_color_type=&#8221;uncode-palette&#8221; uncode_shortcode_id=&#8221;105844&#8243;]Request now[\/vc_button][\/vc_column][\/vc_row][vc_row row_height_percent=&#8221;0&#8243; override_padding=&#8221;yes&#8221; h_padding=&#8221;2&#8243; top_padding=&#8221;5&#8243; bottom_padding=&#8221;5&#8243; back_color=&#8221;color-210407&#8243; overlay_alpha=&#8221;50&#8243; equal_height=&#8221;yes&#8221; gutter_size=&#8221;4&#8243; column_width_percent=&#8221;100&#8243; shift_y=&#8221;0&#8243; z_index=&#8221;0&#8243; el_class=&#8221;inverted-device-order&#8221; uncode_shortcode_id=&#8221;145079&#8243; row_name=&#8221;start&#8221; back_color_type=&#8221;uncode-palette&#8221;][vc_column column_width_percent=&#8221;70&#8243; position_vertical=&#8221;middle&#8221; align_horizontal=&#8221;align_center&#8221; gutter_size=&#8221;2&#8243; overlay_alpha=&#8221;50&#8243; shift_x=&#8221;0&#8243; shift_y=&#8221;0&#8243; shift_y_down=&#8221;0&#8243; z_index=&#8221;0&#8243; medium_width=&#8221;0&#8243; mobile_width=&#8221;0&#8243; width=&#8221;1\/1&#8243; uncode_shortcode_id=&#8221;116881&#8243;][vc_custom_heading heading_semantic=&#8221;h4&#8243; text_size=&#8221;h5&#8243; text_weight=&#8221;400&#8243; uncode_shortcode_id=&#8221;112314&#8243;]PERRIER JOU\u00cbT GOLFCUP AT LAKE WOERTHERSEE[\/vc_custom_heading][vc_custom_heading uncode_shortcode_id=&#8221;155610&#8243; subheading=&#8221;On May 24, it&#8217;s time to tee off in style at the exclusive Perrier-Jou\u00ebt Golf Cup at the Velden-K\u00f6stenberg Golf Club. Golfers can look forward to a superbly organized tournament with halfway refreshments, special competitions, surprises on the course, and a glittering awards ceremony at the Seehotel Europa Resort \u2013 accompanied by fine champagne, live music, and a street food market.&#8221;]The highlight of the Golf &amp; Pleasure Weekend[\/vc_custom_heading][vc_custom_heading uncode_shortcode_id=&#8221;921356&#8243;]Golfing with a lake view[\/vc_custom_heading][vc_custom_heading uncode_shortcode_id=&#8221;753725&#8243;]Highlights[\/vc_custom_heading][uncode_list uncode_shortcode_id=&#8221;110178&#8243;]<\/p>\n<ul>\n<li><strong>Tournament format<\/strong>: Played according to Stableford over 18 holes, with handicap, according to the official golf rules. The participants play in different categories (gross and net).<\/li>\n<li><strong>Conditions of participation<\/strong>: Amateurs with a World Handicap Index (WHI) of 54 or better who are members of an official golf club are eligible.<\/li>\n<li><strong>Special features<\/strong>: In addition to the sporting competition, there are special competitions such as &#8220;Nearest to the Bottle&#8221; and &#8220;Longest Drive&#8221; for men and women.<\/li>\n<li><strong>Prizes:<\/strong> 1st place: 2 nights for 2 people for the 2026 Opening Weekend at the Hotel Bergkristall in Oberlech and 1 bottle of Perrier-Jou\u00ebt &#8211; 2nd place: 2 nights for 2 people for the 2027 Opening Weekend at the Seehotel Europa and 1 bottle of Perrier-Jou\u00ebt &#8211; 3rd place: EUR 200 gift voucher and 1 bottle of Perrier-Jou\u00ebt<\/li>\n<li><strong>Supporting program<\/strong>: The entry fee includes high-quality starter gifts, halfway catering and an evening event with award ceremony, street food market (incl. drinks) and live music<\/li>\n<\/ul>\n<p>[\/uncode_list][vc_custom_heading uncode_shortcode_id=&#8221;844614&#8243; subheading=&#8221;As hosts at the Seehotel Europa, we provide the perfect ambience away from the green. Golfers and their companions enjoy the finest cuisine, relaxing hours on the hotel&#8217;s own beach or in the spa area, beauty treatments and the incomparable atmosphere of the hotel. The Street Food Market in our hotel rounds off the day with exquisite dishes and a stylish award ceremony.&#8221;]Golf &amp; indulgence in perfect harmony[\/vc_custom_heading][vc_button button_color=&#8221;color-jevc&#8221; size=&#8221;btn-lg&#8221; outline=&#8221;yes&#8221; text_skin=&#8221;yes&#8221; custom_typo=&#8221;yes&#8221; font_family=&#8221;font-555555&#8243; font_weight=&#8221;600&#8243; border_width=&#8221;0&#8243; css_animation=&#8221;alpha-anim&#8221; animation_speed=&#8221;700&#8243; link=&#8221;url:https%3A%2F%2Fseehotel-europa.at%2Fwp-content%2Fuploads%2F2026%2F01%2FProgramm_PerrierJouetGolfcup_2026.pdf|target:_blank|&#8221; button_color_type=&#8221;uncode-palette&#8221; uncode_shortcode_id=&#8221;335539&#8243;]To the programme[\/vc_button][\/vc_column][\/vc_row][vc_row row_height_percent=&#8221;0&#8243; override_padding=&#8221;yes&#8221; h_padding=&#8221;2&#8243; top_padding=&#8221;5&#8243; bottom_padding=&#8221;5&#8243; overlay_alpha=&#8221;50&#8243; gutter_size=&#8221;4&#8243; column_width_percent=&#8221;100&#8243; shift_y=&#8221;0&#8243; z_index=&#8221;0&#8243; el_class=&#8221;inverted-device-order&#8221; uncode_shortcode_id=&#8221;116796&#8243;][vc_column column_width_percent=&#8221;100&#8243; position_vertical=&#8221;middle&#8221; gutter_size=&#8221;3&#8243; overlay_alpha=&#8221;50&#8243; shift_x=&#8221;0&#8243; shift_y=&#8221;0&#8243; shift_y_down=&#8221;0&#8243; z_index=&#8221;0&#8243; medium_width=&#8221;0&#8243; mobile_width=&#8221;0&#8243; width=&#8221;1\/2&#8243;][vc_single_image media=&#8221;124288&#8243; media_width_percent=&#8221;100&#8243; media_ratio=&#8221;four-three&#8221; uncode_shortcode_id=&#8221;175182&#8243;][\/vc_column][vc_column column_width_percent=&#8221;100&#8243; position_vertical=&#8221;middle&#8221; gutter_size=&#8221;2&#8243; overlay_alpha=&#8221;50&#8243; shift_x=&#8221;0&#8243; shift_y=&#8221;0&#8243; shift_y_down=&#8221;0&#8243; z_index=&#8221;0&#8243; medium_width=&#8221;0&#8243; mobile_width=&#8221;0&#8243; width=&#8221;1\/2&#8243; uncode_shortcode_id=&#8221;278086&#8243;][vc_custom_heading heading_semantic=&#8221;h4&#8243; text_size=&#8221;h5&#8243; text_weight=&#8221;400&#8243; uncode_shortcode_id=&#8221;144073&#8243;]ARRANGEMENT[\/vc_custom_heading][vc_custom_heading text_size=&#8221;h3&#8243; uncode_shortcode_id=&#8221;303524&#8243;]Highlights[\/vc_custom_heading][uncode_list icon=&#8221;fa fa-minus2&#8243; uncode_shortcode_id=&#8221;148588&#8243;]<\/p>\n<ul>\n<li><span role=\"presentation\">3 N\u00e4chte mit ausgiebigem Genie\u00dfer-Fr\u00fchst\u00fccksbuffet und exklusiver Abendverpflegung<\/span><\/li>\n<li><span role=\"presentation\">Participation in <\/span><span role=\"presentation\">the<\/span><span role=\"presentation\"> Warm-up round on 23.5.2026 at GC Moosburg &#8211; incl. green fee <\/span><\/li>\n<li><span role=\"presentation\">Participation in the <\/span><span role=\"presentation\">32. <\/span><span role=\"presentation\">Perrier-Jou\u00ebt Golfcup on 24.5.2026 at the GC Velden-K\u00f6stenberg &#8211; incl. <\/span><span role=\"presentation\">Entry fee, <\/span><span role=\"presentation\">green fee &amp; halfway catering<\/span><\/li>\n<li>Included supporting program: Carinthian evening on 22.5.2026, Grill &amp; Chill at the lake on 23.5.2026, award ceremony and players&#8217; party with street food market (drinks included) and live music on 24.5.2026<\/li>\n<li><span role=\"presentation\">Welcome aperitif and lovingly put together golfer&#8217;s gift<\/span><\/li>\n<li>Feel good and relax in the beautiful park, panorama pool, spa area or on the private beach<\/li>\n<li>For accompanying persons or non-golfers, the price includes a beauty voucher worth EUR 150, redeemable for cosmetics, hairstyling, manicures, pedicures or massages.<\/li>\n<\/ul>\n<p>[\/uncode_list][uncode_list icon=&#8221;fa fa-minus2&#8243; uncode_shortcode_id=&#8221;203520&#8243;]<strong>May 22 to 25, 2026<\/strong>[\/uncode_list][uncode_list icon=&#8221;fa fa-minus2&#8243; uncode_shortcode_id=&#8221;154438&#8243;]<strong>Prices per person<\/strong><\/p>\n<ul>\n<li>\u20ac 799,- p.p. in a standard double room<\/li>\n<li>\u20ac 850,- p.p. in a double room with lake view<\/li>\n<li>\u20ac 850,- p.p. in a single room<\/li>\n<li>\u20ac 999,- p.p. in loft\/suite<\/li>\n<li>Extra nights possible on request<\/li>\n<\/ul>\n<p>[\/uncode_list][vc_button button_color=&#8221;color-jevc&#8221; size=&#8221;btn-lg&#8221; outline=&#8221;yes&#8221; text_skin=&#8221;yes&#8221; custom_typo=&#8221;yes&#8221; font_family=&#8221;font-555555&#8243; font_weight=&#8221;600&#8243; border_width=&#8221;0&#8243; css_animation=&#8221;alpha-anim&#8221; animation_speed=&#8221;700&#8243; link=&#8221;url:%23anfragen|&#8221; button_color_type=&#8221;uncode-palette&#8221; uncode_shortcode_id=&#8221;198312&#8243;]Book now![\/vc_button][\/vc_column][\/vc_row][vc_row row_height_percent=&#8221;0&#8243; override_padding=&#8221;yes&#8221; h_padding=&#8221;2&#8243; top_padding=&#8221;5&#8243; bottom_padding=&#8221;5&#8243; back_color=&#8221;color-210407&#8243; overlay_alpha=&#8221;100&#8243; gutter_size=&#8221;100&#8243; column_width_percent=&#8221;100&#8243; shift_y=&#8221;0&#8243; z_index=&#8221;0&#8243; style=&#8221;inherited&#8221; uncode_shortcode_id=&#8221;164542&#8243; back_color_type=&#8221;uncode-palette&#8221; row_name=&#8221;anfragen&#8221;][vc_column column_width_use_pixel=&#8221;yes&#8221; align_horizontal=&#8221;align_center&#8221; gutter_size=&#8221;3&#8243; overlay_alpha=&#8221;100&#8243; shift_x=&#8221;0&#8243; shift_y=&#8221;0&#8243; shift_y_down=&#8221;0&#8243; z_index=&#8221;0&#8243; medium_width=&#8221;100&#8243; mobile_width=&#8221;0&#8243; zoom_width=&#8221;0&#8243; zoom_height=&#8221;0&#8243; width=&#8221;1\/1&#8243; column_width_pixel=&#8221;1100&#8243; uncode_shortcode_id=&#8221;207127&#8243;][vc_row_inner row_inner_height_percent=&#8221;0&#8243; back_color=&#8221;color-xsdn&#8221; overlay_alpha=&#8221;100&#8243; gutter_size=&#8221;3&#8243; shift_y=&#8221;0&#8243; z_index=&#8221;0&#8243; uncode_shortcode_id=&#8221;185873&#8243; back_color_type=&#8221;uncode-palette&#8221; limit_content=&#8221;&#8221;][vc_column_inner column_width_use_pixel=&#8221;yes&#8221; gutter_size=&#8221;3&#8243; override_padding=&#8221;yes&#8221; column_padding=&#8221;2&#8243; overlay_alpha=&#8221;100&#8243; shift_x=&#8221;0&#8243; shift_y=&#8221;0&#8243; shift_y_down=&#8221;0&#8243; z_index=&#8221;0&#8243; medium_width=&#8221;0&#8243; mobile_width=&#8221;0&#8243; zoom_width=&#8221;0&#8243; zoom_height=&#8221;0&#8243; width=&#8221;1\/1&#8243; column_width_pixel=&#8221;1200&#8243; uncode_shortcode_id=&#8221;158019&#8243;][vc_custom_heading text_size=&#8221;h3&#8243; uncode_shortcode_id=&#8221;133760&#8243;]How about a golf vacation at the Seehotel Europa?[\/vc_custom_heading][vc_raw_html]JTVCZXZlcmVzdF9mb3JtJTIwaWQlM0QlMjIxMTg0ODklMjIlNUQlMjA=[\/vc_raw_html][\/vc_column_inner][\/vc_row_inner][\/vc_column][\/vc_row]<\/p>\n<\/div>","protected":false},"excerpt":{"rendered":"<p>[vc_row unlock_row_content=&#8221;yes&#8221; row_height_percent=&#8221;0&#8243; override_padding=&#8221;yes&#8221; h_padding=&#8221;2&#8243; top_padding=&#8221;5&#8243; bottom_padding=&#8221;5&#8243; back_image=&#8221;123832&#8243; kburns=&#8221;yes&#8221; overlay_color=&#8221;color-jevc&#8221; overlay_alpha=&#8221;65&#8243; gutter_size=&#8221;3&#8243; column_width_percent=&#8221;100&#8243; shift_y=&#8221;0&#8243; z_index=&#8221;0&#8243; content_parallax=&#8221;0&#8243; uncode_shortcode_id=&#8221;164011&#8243; overlay_color_type=&#8221;uncode-palette&#8221;][vc_column column_width_percent=&#8221;85&#8243; align_horizontal=&#8221;align_center&#8221; [&hellip;]<\/p>\n","protected":false},"author":6,"featured_media":0,"parent":0,"menu_order":0,"comment_status":"closed","ping_status":"closed","template":"","meta":{"footnotes":""},"class_list":["post-124317","page","type-page","status-publish","hentry"],"yoast_head":"<!-- This site is optimized with the Yoast SEO plugin v27.5 - https:\/\/yoast.com\/product\/yoast-seo-wordpress\/ -->\n<title>Golf &amp; pleasure weekend incl. Perrier Jou\u00ebt Golfcup - Seehotel Europa - Lebenslust am W\u00f6rthersee<\/title>\n<meta name=\"description\" content=\"Experience golf and pleasure at Lake W\u00f6rthersee: exclusive golf days with tournament, culinary delights &amp; lake view at Seehotel Europa. Discover the offer now!\" \/>\n<meta name=\"robots\" content=\"index, follow, max-snippet:-1, max-image-preview:large, max-video-preview:-1\" \/>\n<link rel=\"canonical\" href=\"https:\/\/seehotel-europa.at\/en\/golf-indulgence-days-incl-perrier-jouet-golf-cup\/\" \/>\n<meta property=\"og:locale\" content=\"en_US\" \/>\n<meta property=\"og:type\" content=\"article\" \/>\n<meta property=\"og:title\" content=\"Golf &amp; pleasure weekend incl. Perrier Jou\u00ebt Golfcup - Seehotel Europa - Lebenslust am W\u00f6rthersee\" \/>\n<meta property=\"og:description\" content=\"Experience golf and pleasure at Lake W\u00f6rthersee: exclusive golf days with tournament, culinary delights &amp; lake view at Seehotel Europa. Discover the offer now!\" \/>\n<meta property=\"og:url\" content=\"https:\/\/seehotel-europa.at\/en\/golf-indulgence-days-incl-perrier-jouet-golf-cup\/\" \/>\n<meta property=\"og:site_name\" content=\"Seehotel Europa - Lebenslust am W\u00f6rthersee\" \/>\n<meta property=\"article:modified_time\" content=\"2026-03-24T13:17:46+00:00\" \/>\n<meta property=\"og:image\" content=\"https:\/\/seehotel-europa.at\/wp-content\/uploads\/2024\/03\/Design-ohne-Titel-1.png\" \/>\n\t<meta property=\"og:image:width\" content=\"1200\" \/>\n\t<meta property=\"og:image:height\" content=\"675\" \/>\n\t<meta property=\"og:image:type\" content=\"image\/png\" \/>\n<meta name=\"twitter:card\" content=\"summary_large_image\" \/>\n<meta name=\"twitter:label1\" content=\"Est. reading time\" \/>\n\t<meta name=\"twitter:data1\" content=\"5 minutes\" \/>\n<script type=\"application\/ld+json\" class=\"yoast-schema-graph\">{\"@context\":\"https:\\\/\\\/schema.org\",\"@graph\":[{\"@type\":\"WebPage\",\"@id\":\"https:\\\/\\\/seehotel-europa.at\\\/en\\\/golf-indulgence-days-incl-perrier-jouet-golf-cup\\\/\",\"url\":\"https:\\\/\\\/seehotel-europa.at\\\/en\\\/golf-indulgence-days-incl-perrier-jouet-golf-cup\\\/\",\"name\":\"Golf &amp; pleasure weekend incl. Perrier Jou\u00ebt Golfcup - Seehotel Europa - Lebenslust am W\u00f6rthersee\",\"isPartOf\":{\"@id\":\"https:\\\/\\\/seehotel-europa.at\\\/#website\"},\"datePublished\":\"2025-07-24T15:53:23+00:00\",\"dateModified\":\"2026-03-24T13:17:46+00:00\",\"description\":\"Experience golf and pleasure at Lake W\u00f6rthersee: exclusive golf days with tournament, culinary delights & lake view at Seehotel Europa. Discover the offer now!\",\"breadcrumb\":{\"@id\":\"https:\\\/\\\/seehotel-europa.at\\\/en\\\/golf-indulgence-days-incl-perrier-jouet-golf-cup\\\/#breadcrumb\"},\"inLanguage\":\"en-US\",\"potentialAction\":[{\"@type\":\"ReadAction\",\"target\":[\"https:\\\/\\\/seehotel-europa.at\\\/en\\\/golf-indulgence-days-incl-perrier-jouet-golf-cup\\\/\"]}]},{\"@type\":\"BreadcrumbList\",\"@id\":\"https:\\\/\\\/seehotel-europa.at\\\/en\\\/golf-indulgence-days-incl-perrier-jouet-golf-cup\\\/#breadcrumb\",\"itemListElement\":[{\"@type\":\"ListItem\",\"position\":1,\"name\":\"Startseite\",\"item\":\"https:\\\/\\\/seehotel-europa.at\\\/en\\\/\"},{\"@type\":\"ListItem\",\"position\":2,\"name\":\"Golf &amp; pleasure weekend incl. Perrier Jou\u00ebt Golfcup\"}]},{\"@type\":\"WebSite\",\"@id\":\"https:\\\/\\\/seehotel-europa.at\\\/#website\",\"url\":\"https:\\\/\\\/seehotel-europa.at\\\/\",\"name\":\"Seehotel Europa - Lebenslust am W\u00f6rthersee\",\"description\":\"\",\"publisher\":{\"@id\":\"https:\\\/\\\/seehotel-europa.at\\\/#organization\"},\"potentialAction\":[{\"@type\":\"SearchAction\",\"target\":{\"@type\":\"EntryPoint\",\"urlTemplate\":\"https:\\\/\\\/seehotel-europa.at\\\/?s={search_term_string}\"},\"query-input\":{\"@type\":\"PropertyValueSpecification\",\"valueRequired\":true,\"valueName\":\"search_term_string\"}}],\"inLanguage\":\"en-US\"},{\"@type\":\"Organization\",\"@id\":\"https:\\\/\\\/seehotel-europa.at\\\/#organization\",\"name\":\"Seehotel Europa - Lebenslust am W\u00f6rthersee\",\"url\":\"https:\\\/\\\/seehotel-europa.at\\\/\",\"logo\":{\"@type\":\"ImageObject\",\"inLanguage\":\"en-US\",\"@id\":\"https:\\\/\\\/seehotel-europa.at\\\/#\\\/schema\\\/logo\\\/image\\\/\",\"url\":\"https:\\\/\\\/seehotel-europa.at\\\/wp-content\\\/uploads\\\/2024\\\/01\\\/2022_seehotel_europa_logo_RGB-1.png\",\"contentUrl\":\"https:\\\/\\\/seehotel-europa.at\\\/wp-content\\\/uploads\\\/2024\\\/01\\\/2022_seehotel_europa_logo_RGB-1.png\",\"width\":1417,\"height\":638,\"caption\":\"Seehotel Europa - Lebenslust am W\u00f6rthersee\"},\"image\":{\"@id\":\"https:\\\/\\\/seehotel-europa.at\\\/#\\\/schema\\\/logo\\\/image\\\/\"},\"sameAs\":[\"https:\\\/\\\/www.instagram.com\\\/seehotel.europa\\\/\"]}]}<\/script>\n<!-- \/ Yoast SEO plugin. -->","yoast_head_json":{"title":"Golf &amp; pleasure weekend incl. Perrier Jou\u00ebt Golfcup - Seehotel Europa - Lebenslust am W\u00f6rthersee","description":"Experience golf and pleasure at Lake W\u00f6rthersee: exclusive golf days with tournament, culinary delights & lake view at Seehotel Europa. Discover the offer now!","robots":{"index":"index","follow":"follow","max-snippet":"max-snippet:-1","max-image-preview":"max-image-preview:large","max-video-preview":"max-video-preview:-1"},"canonical":"https:\/\/seehotel-europa.at\/en\/golf-indulgence-days-incl-perrier-jouet-golf-cup\/","og_locale":"en_US","og_type":"article","og_title":"Golf &amp; pleasure weekend incl. Perrier Jou\u00ebt Golfcup - Seehotel Europa - Lebenslust am W\u00f6rthersee","og_description":"Experience golf and pleasure at Lake W\u00f6rthersee: exclusive golf days with tournament, culinary delights & lake view at Seehotel Europa. Discover the offer now!","og_url":"https:\/\/seehotel-europa.at\/en\/golf-indulgence-days-incl-perrier-jouet-golf-cup\/","og_site_name":"Seehotel Europa - Lebenslust am W\u00f6rthersee","article_modified_time":"2026-03-24T13:17:46+00:00","og_image":[{"width":1200,"height":675,"url":"https:\/\/seehotel-europa.at\/wp-content\/uploads\/2024\/03\/Design-ohne-Titel-1.png","type":"image\/png"}],"twitter_card":"summary_large_image","twitter_misc":{"Est. reading time":"5 minutes"},"schema":{"@context":"https:\/\/schema.org","@graph":[{"@type":"WebPage","@id":"https:\/\/seehotel-europa.at\/en\/golf-indulgence-days-incl-perrier-jouet-golf-cup\/","url":"https:\/\/seehotel-europa.at\/en\/golf-indulgence-days-incl-perrier-jouet-golf-cup\/","name":"Golf &amp; pleasure weekend incl. Perrier Jou\u00ebt Golfcup - Seehotel Europa - Lebenslust am W\u00f6rthersee","isPartOf":{"@id":"https:\/\/seehotel-europa.at\/#website"},"datePublished":"2025-07-24T15:53:23+00:00","dateModified":"2026-03-24T13:17:46+00:00","description":"Experience golf and pleasure at Lake W\u00f6rthersee: exclusive golf days with tournament, culinary delights & lake view at Seehotel Europa. Discover the offer now!","breadcrumb":{"@id":"https:\/\/seehotel-europa.at\/en\/golf-indulgence-days-incl-perrier-jouet-golf-cup\/#breadcrumb"},"inLanguage":"en-US","potentialAction":[{"@type":"ReadAction","target":["https:\/\/seehotel-europa.at\/en\/golf-indulgence-days-incl-perrier-jouet-golf-cup\/"]}]},{"@type":"BreadcrumbList","@id":"https:\/\/seehotel-europa.at\/en\/golf-indulgence-days-incl-perrier-jouet-golf-cup\/#breadcrumb","itemListElement":[{"@type":"ListItem","position":1,"name":"Startseite","item":"https:\/\/seehotel-europa.at\/en\/"},{"@type":"ListItem","position":2,"name":"Golf &amp; pleasure weekend incl. Perrier Jou\u00ebt Golfcup"}]},{"@type":"WebSite","@id":"https:\/\/seehotel-europa.at\/#website","url":"https:\/\/seehotel-europa.at\/","name":"Seehotel Europa - Lebenslust am W\u00f6rthersee","description":"","publisher":{"@id":"https:\/\/seehotel-europa.at\/#organization"},"potentialAction":[{"@type":"SearchAction","target":{"@type":"EntryPoint","urlTemplate":"https:\/\/seehotel-europa.at\/?s={search_term_string}"},"query-input":{"@type":"PropertyValueSpecification","valueRequired":true,"valueName":"search_term_string"}}],"inLanguage":"en-US"},{"@type":"Organization","@id":"https:\/\/seehotel-europa.at\/#organization","name":"Seehotel Europa - Lebenslust am W\u00f6rthersee","url":"https:\/\/seehotel-europa.at\/","logo":{"@type":"ImageObject","inLanguage":"en-US","@id":"https:\/\/seehotel-europa.at\/#\/schema\/logo\/image\/","url":"https:\/\/seehotel-europa.at\/wp-content\/uploads\/2024\/01\/2022_seehotel_europa_logo_RGB-1.png","contentUrl":"https:\/\/seehotel-europa.at\/wp-content\/uploads\/2024\/01\/2022_seehotel_europa_logo_RGB-1.png","width":1417,"height":638,"caption":"Seehotel Europa - Lebenslust am W\u00f6rthersee"},"image":{"@id":"https:\/\/seehotel-europa.at\/#\/schema\/logo\/image\/"},"sameAs":["https:\/\/www.instagram.com\/seehotel.europa\/"]}]}},"_links":{"self":[{"href":"https:\/\/seehotel-europa.at\/en\/wp-json\/wp\/v2\/pages\/124317","targetHints":{"allow":["GET"]}}],"collection":[{"href":"https:\/\/seehotel-europa.at\/en\/wp-json\/wp\/v2\/pages"}],"about":[{"href":"https:\/\/seehotel-europa.at\/en\/wp-json\/wp\/v2\/types\/page"}],"author":[{"embeddable":true,"href":"https:\/\/seehotel-europa.at\/en\/wp-json\/wp\/v2\/users\/6"}],"replies":[{"embeddable":true,"href":"https:\/\/seehotel-europa.at\/en\/wp-json\/wp\/v2\/comments?post=124317"}],"version-history":[{"count":14,"href":"https:\/\/seehotel-europa.at\/en\/wp-json\/wp\/v2\/pages\/124317\/revisions"}],"predecessor-version":[{"id":159803,"href":"https:\/\/seehotel-europa.at\/en\/wp-json\/wp\/v2\/pages\/124317\/revisions\/159803"}],"wp:attachment":[{"href":"https:\/\/seehotel-europa.at\/en\/wp-json\/wp\/v2\/media?parent=124317"}],"curies":[{"name":"wp","href":"https:\/\/api.w.org\/{rel}","templated":true}]}}